{"id":7,"date":"2021-08-24T11:40:52","date_gmt":"2021-08-24T11:40:52","guid":{"rendered":"https:\/\/annajansdotter.com\/?page_id=7"},"modified":"2026-02-19T14:08:08","modified_gmt":"2026-02-19T14:08:08","slug":"valkommen","status":"publish","type":"page","link":"https:\/\/annajansdotter.com\/","title":{"rendered":"V\u00e4lkommen!"},"content":{"rendered":"\n<p>Jag heter <strong>Anna Jansdotter<\/strong> och jag skriver f\u00f6r unga vuxna och vuxna unga. Uppvuxen i S\u00f6dert\u00e4lje och numera bosatt i nordv\u00e4sta Sk\u00e5ne sedan femton \u00e5r tillbaka tillsammans med sambo och tv\u00e5 katter. Jag st\u00e5r bakom den kommande boken <strong>Stj\u00e4rnm\u00e4rkt<\/strong>, som \u00e4r f\u00f6rsta delen i serien <strong>Stj\u00e4rnb\u00e4raren<\/strong>. En vacker och bitvis m\u00f6rk romantasy om alvprinsarna Love och Melinde.<\/p>\n\n\n\n<p class=\"has-text-align-center\"><img loading=\"lazy\" decoding=\"async\" width=\"350\" height=\"545\" class=\"wp-image-479\" style=\"width: 350px;\" src=\"https:\/\/annajansdotter.com\/wp-content\/uploads\/2025\/04\/STJARNMARKT-framsida-JPEG-scaled.jpg\" alt=\"\" srcset=\"https:\/\/annajansdotter.com\/wp-content\/uploads\/2025\/04\/STJARNMARKT-framsida-JPEG-scaled.jpg 1643w, https:\/\/annajansdotter.com\/wp-content\/uploads\/2025\/04\/STJARNMARKT-framsida-JPEG-193x300.jpg 193w, https:\/\/annajansdotter.com\/wp-content\/uploads\/2025\/04\/STJARNMARKT-framsida-JPEG-657x1024.jpg 657w, https:\/\/annajansdotter.com\/wp-content\/uploads\/2025\/04\/STJARNMARKT-framsida-JPEG-768x1197.jpg 768w, https:\/\/annajansdotter.com\/wp-content\/uploads\/2025\/04\/STJARNMARKT-framsida-JPEG-986x1536.jpg 986w, https:\/\/annajansdotter.com\/wp-content\/uploads\/2025\/04\/STJARNMARKT-framsida-JPEG-1314x2048.jpg 1314w\" sizes=\"auto, (max-width: 350px) 100vw, 350px\" \/><\/p>\n","protected":false},"excerpt":{"rendered":"<p>Jag heter Anna Jansdotter och jag skriver f\u00f6r unga vuxna och vuxna unga. Uppvuxen i S\u00f6dert\u00e4lje och numera bosatt i<\/p>\n<p><a href=\"https:\/\/annajansdotter.com\/\" class=\"more-link\">Forts\u00e4tt l\u00e4sa<span class=\"screen-reader-text\">V\u00e4lkommen!<\/span><\/a><\/p>\n","protected":false},"author":2,"featured_media":0,"parent":0,"menu_order":0,"comment_status":"closed","ping_status":"closed","template":"","meta":{"footnotes":""},"class_list":["post-7","page","type-page","status-publish","hentry"],"_links":{"self":[{"href":"https:\/\/annajansdotter.com\/index.php\/wp-json\/wp\/v2\/pages\/7","targetHints":{"allow":["GET"]}}],"collection":[{"href":"https:\/\/annajansdotter.com\/index.php\/wp-json\/wp\/v2\/pages"}],"about":[{"href":"https:\/\/annajansdotter.com\/index.php\/wp-json\/wp\/v2\/types\/page"}],"author":[{"embeddable":true,"href":"https:\/\/annajansdotter.com\/index.php\/wp-json\/wp\/v2\/users\/2"}],"replies":[{"embeddable":true,"href":"https:\/\/annajansdotter.com\/index.php\/wp-json\/wp\/v2\/comments?post=7"}],"version-history":[{"count":48,"href":"https:\/\/annajansdotter.com\/index.php\/wp-json\/wp\/v2\/pages\/7\/revisions"}],"predecessor-version":[{"id":514,"href":"https:\/\/annajansdotter.com\/index.php\/wp-json\/wp\/v2\/pages\/7\/revisions\/514"}],"wp:attachment":[{"href":"https:\/\/annajansdotter.com\/index.php\/wp-json\/wp\/v2\/media?parent=7"}],"curies":[{"name":"wp","href":"https:\/\/api.w.org\/{rel}","templated":true}]}}