{"id":432,"date":"2024-09-17T14:16:51","date_gmt":"2024-09-17T14:16:51","guid":{"rendered":"https:\/\/annajansdotter.com\/?page_id=432"},"modified":"2026-02-19T14:07:50","modified_gmt":"2026-02-19T14:07:50","slug":"stjarnmarkt","status":"publish","type":"page","link":"https:\/\/annajansdotter.com\/index.php\/stjarnmarkt\/","title":{"rendered":"Stj\u00e4rnm\u00e4rkt"},"content":{"rendered":"<div class=\"wp-block-image\">\n<figure class=\"aligncenter size-large is-resized\"><img loading=\"lazy\" decoding=\"async\" width=\"657\" height=\"1024\" src=\"https:\/\/annajansdotter.com\/wp-content\/uploads\/2025\/04\/STJARNMARKT-framsida-JPEG-657x1024.jpg\" alt=\"\" class=\"wp-image-479\" style=\"width:349px;height:auto\" srcset=\"https:\/\/annajansdotter.com\/wp-content\/uploads\/2025\/04\/STJARNMARKT-framsida-JPEG-657x1024.jpg 657w, https:\/\/annajansdotter.com\/wp-content\/uploads\/2025\/04\/STJARNMARKT-framsida-JPEG-193x300.jpg 193w, https:\/\/annajansdotter.com\/wp-content\/uploads\/2025\/04\/STJARNMARKT-framsida-JPEG-768x1197.jpg 768w, https:\/\/annajansdotter.com\/wp-content\/uploads\/2025\/04\/STJARNMARKT-framsida-JPEG-986x1536.jpg 986w, https:\/\/annajansdotter.com\/wp-content\/uploads\/2025\/04\/STJARNMARKT-framsida-JPEG-1314x2048.jpg 1314w, https:\/\/annajansdotter.com\/wp-content\/uploads\/2025\/04\/STJARNMARKT-framsida-JPEG-scaled.jpg 1643w\" sizes=\"auto, (max-width: 657px) 100vw, 657px\" \/><\/figure>\n<\/div>\n\n\n<p class=\"has-text-align-center\"><strong>Tv\u00e5 blivande alvkungar. En f\u00f6rbjuden k\u00e4rlek.<\/strong><\/p>\n\n\n\n<p class=\"has-text-align-center\">I riket Dimhara finns tv\u00e5 alvprinsar. Olika som dag och natt.<\/p>\n\n\n\n<p class=\"has-text-align-center\">Love vill fly fr\u00e5n sitt kravfyllda liv men f\u00f6r rikets skull m\u00e5ste han \u00e4kta Eliana, den kyla prinsessan som helst vill se honom d\u00f6d. F\u00e5ngad i en spiral av f\u00f6rtvivlan \u00e4r Love r\u00e4dd att aldrig finna \u00e4kta k\u00e4rlek, f\u00f6r hur skulle n\u00e5gon kunna \u00e4lska en pricknos?<\/p>\n\n\n\n<p class=\"has-text-align-center\">Melinde \u00e4r en m\u00f6rkeralv, avskydd f\u00f6r sin sp\u00f6klika hy och fruktad f\u00f6r odjuret som bor i hans inre. Hans folk \u00e4r p\u00e5 flykt efter att deras hem i Elysias arrest blivit f\u00f6rst\u00f6rt, och i ren desperation s\u00f6ker de skydd p\u00e5 Loves mark.<\/p>\n\n\n\n<p class=\"has-text-align-center\">Trots att deras f\u00f6rsta m\u00f6te slutar i katastrof kan inte Love gl\u00f6mma de honungsbruna \u00f6gonen. Och Melindes tankar vandrar till den r\u00f6dh\u00e5rige alven med hy lika prickig som en natthimmel. Samtidigt som deras v\u00e4nskap sl\u00e5r rot vaknar m\u00f6rka krafter till liv. Krafter som hotar att \u00f6del\u00e4gga v\u00e4rlden \u2026<\/p>\n\n\n\n<p class=\"has-text-align-center\"><strong>Stj\u00e4rnm\u00e4rkt \u00e4r den f\u00f6rsta delen i serien Stj\u00e4rnb\u00e4raren<\/strong> <strong>&#8212; Ett normbrytande inslag till romantasyn<\/strong><\/p>\n\n\n\n<p><\/p>\n","protected":false},"excerpt":{"rendered":"<p>Tv\u00e5 blivande alvkungar. En f\u00f6rbjuden k\u00e4rlek. I riket Dimhara finns tv\u00e5 alvprinsar. Olika som dag och natt. Love vill fly<\/p>\n<p><a href=\"https:\/\/annajansdotter.com\/index.php\/stjarnmarkt\/\" class=\"more-link\">Forts\u00e4tt l\u00e4sa<span class=\"screen-reader-text\">Stj\u00e4rnm\u00e4rkt<\/span><\/a><\/p>\n","protected":false},"author":2,"featured_media":0,"parent":0,"menu_order":0,"comment_status":"closed","ping_status":"closed","template":"","meta":{"footnotes":""},"class_list":["post-432","page","type-page","status-publish","hentry"],"_links":{"self":[{"href":"https:\/\/annajansdotter.com\/index.php\/wp-json\/wp\/v2\/pages\/432","targetHints":{"allow":["GET"]}}],"collection":[{"href":"https:\/\/annajansdotter.com\/index.php\/wp-json\/wp\/v2\/pages"}],"about":[{"href":"https:\/\/annajansdotter.com\/index.php\/wp-json\/wp\/v2\/types\/page"}],"author":[{"embeddable":true,"href":"https:\/\/annajansdotter.com\/index.php\/wp-json\/wp\/v2\/users\/2"}],"replies":[{"embeddable":true,"href":"https:\/\/annajansdotter.com\/index.php\/wp-json\/wp\/v2\/comments?post=432"}],"version-history":[{"count":6,"href":"https:\/\/annajansdotter.com\/index.php\/wp-json\/wp\/v2\/pages\/432\/revisions"}],"predecessor-version":[{"id":513,"href":"https:\/\/annajansdotter.com\/index.php\/wp-json\/wp\/v2\/pages\/432\/revisions\/513"}],"wp:attachment":[{"href":"https:\/\/annajansdotter.com\/index.php\/wp-json\/wp\/v2\/media?parent=432"}],"curies":[{"name":"wp","href":"https:\/\/api.w.org\/{rel}","templated":true}]}}